{"id":1824,"date":"2023-08-02T11:08:02","date_gmt":"2023-08-02T09:08:02","guid":{"rendered":"https:\/\/prodlin.fr\/?page_id=1824"},"modified":"2023-08-31T16:30:28","modified_gmt":"2023-08-31T14:30:28","slug":"agriculture-environnement","status":"publish","type":"page","link":"https:\/\/prodlin.fr\/index.php\/agriculture-environnement\/","title":{"rendered":"Agriculture \/ Environnement"},"content":{"rendered":"\t\t<div data-elementor-type=\"wp-page\" data-elementor-id=\"1824\" class=\"elementor elementor-1824\">\n\t\t\t\t\t\t<section class=\"elementor-section elementor-top-section elementor-element elementor-element-efeee1f elementor-section-boxed elementor-section-height-default elementor-section-height-default\" data-id=\"efeee1f\" data-element_type=\"section\">\n\t\t\t\t\t\t<div class=\"elementor-container elementor-column-gap-default\">\n\t\t\t\t\t<div class=\"elementor-column elementor-col-100 elementor-top-column elementor-element elementor-element-f61c43d\" data-id=\"f61c43d\" data-element_type=\"column\">\n\t\t\t<div class=\"elementor-widget-wrap elementor-element-populated\">\n\t\t\t\t\t\t<div class=\"elementor-element elementor-element-c87e189 elementor-widget elementor-widget-heading\" data-id=\"c87e189\" data-element_type=\"widget\" data-widget_type=\"heading.default\">\n\t\t\t\t<div class=\"elementor-widget-container\">\n\t\t\t\t\t<h2 class=\"elementor-heading-title elementor-size-default\">Agriculture \/ Environnement<\/h2>\t\t\t\t<\/div>\n\t\t\t\t<\/div>\n\t\t\t\t\t<\/div>\n\t\t<\/div>\n\t\t\t\t\t<\/div>\n\t\t<\/section>\n\t\t\t\t<section class=\"elementor-section elementor-top-section elementor-element elementor-element-06e5e43 elementor-section-boxed elementor-section-height-default elementor-section-height-default\" data-id=\"06e5e43\" data-element_type=\"section\">\n\t\t\t\t\t\t<div class=\"elementor-container elementor-column-gap-default\">\n\t\t\t\t\t<div class=\"elementor-column elementor-col-100 elementor-top-column elementor-element elementor-element-8a2a973\" data-id=\"8a2a973\" data-element_type=\"column\">\n\t\t\t<div class=\"elementor-widget-wrap\">\n\t\t\t\t\t\t\t<\/div>\n\t\t<\/div>\n\t\t\t\t\t<\/div>\n\t\t<\/section>\n\t\t\t\t<section class=\"elementor-section elementor-top-section elementor-element elementor-element-4331a5b elementor-section-boxed elementor-section-height-default elementor-section-height-default\" data-id=\"4331a5b\" data-element_type=\"section\">\n\t\t\t\t\t\t<div class=\"elementor-container elementor-column-gap-default\">\n\t\t\t\t\t<div class=\"elementor-column elementor-col-100 elementor-top-column elementor-element elementor-element-ea1872e\" data-id=\"ea1872e\" data-element_type=\"column\">\n\t\t\t<div class=\"elementor-widget-wrap elementor-element-populated\">\n\t\t\t\t\t\t<div class=\"elementor-element elementor-element-bb019fb elementor-widget elementor-widget-text-editor\" data-id=\"bb019fb\" data-element_type=\"widget\" data-settings=\"{&quot;_animation&quot;:&quot;none&quot;,&quot;_animation_mobile&quot;:&quot;none&quot;}\" data-widget_type=\"text-editor.default\">\n\t\t\t\t<div class=\"elementor-widget-container\">\n\t\t\t\t\t\t\t\t\t<p>Les granul\u00e9s de lin ont eu un grand succ\u00e8s pour le <strong>paillage de culture<\/strong>.<\/p>\t\t\t\t\t\t\t\t<\/div>\n\t\t\t\t<\/div>\n\t\t\t\t\t<\/div>\n\t\t<\/div>\n\t\t\t\t\t<\/div>\n\t\t<\/section>\n\t\t\t\t<section class=\"elementor-section elementor-top-section elementor-element elementor-element-ab256d4 elementor-section-boxed elementor-section-height-default elementor-section-height-default\" data-id=\"ab256d4\" data-element_type=\"section\">\n\t\t\t\t\t\t<div class=\"elementor-container elementor-column-gap-default\">\n\t\t\t\t\t<div class=\"elementor-column elementor-col-33 elementor-top-column elementor-element elementor-element-0877873\" data-id=\"0877873\" data-element_type=\"column\">\n\t\t\t<div class=\"elementor-widget-wrap elementor-element-populated\">\n\t\t\t\t\t\t<div class=\"elementor-element elementor-element-219c0cb elementor-invisible elementor-widget elementor-widget-image\" data-id=\"219c0cb\" data-element_type=\"widget\" data-settings=\"{&quot;_animation&quot;:&quot;fadeInLeft&quot;}\" data-widget_type=\"image.default\">\n\t\t\t\t<div class=\"elementor-widget-container\">\n\t\t\t\t\t\t\t\t\t\t\t\t\t\t\t<img fetchpriority=\"high\" decoding=\"async\" width=\"1024\" height=\"768\" src=\"https:\/\/prodlin.fr\/wp-content\/uploads\/2023\/08\/20230830_135721-1024x768.jpg\" class=\"attachment-large size-large wp-image-25766\" alt=\"\" srcset=\"https:\/\/prodlin.fr\/wp-content\/uploads\/2023\/08\/20230830_135721-1024x768.jpg 1024w, https:\/\/prodlin.fr\/wp-content\/uploads\/2023\/08\/20230830_135721-300x225.jpg 300w, https:\/\/prodlin.fr\/wp-content\/uploads\/2023\/08\/20230830_135721-768x576.jpg 768w, https:\/\/prodlin.fr\/wp-content\/uploads\/2023\/08\/20230830_135721-1536x1152.jpg 1536w, https:\/\/prodlin.fr\/wp-content\/uploads\/2023\/08\/20230830_135721-2048x1536.jpg 2048w\" sizes=\"(max-width: 1024px) 100vw, 1024px\" \/>\t\t\t\t\t\t\t\t\t\t\t\t\t\t\t<\/div>\n\t\t\t\t<\/div>\n\t\t\t\t\t<\/div>\n\t\t<\/div>\n\t\t\t\t<div class=\"elementor-column elementor-col-33 elementor-top-column elementor-element elementor-element-4a81698\" data-id=\"4a81698\" data-element_type=\"column\">\n\t\t\t<div class=\"elementor-widget-wrap elementor-element-populated\">\n\t\t\t\t\t\t<div class=\"elementor-element elementor-element-91a97f8 elementor-hidden-tablet elementor-hidden-mobile elementor-widget elementor-widget-spacer\" data-id=\"91a97f8\" data-element_type=\"widget\" data-widget_type=\"spacer.default\">\n\t\t\t\t<div class=\"elementor-widget-container\">\n\t\t\t\t\t\t\t<div class=\"elementor-spacer\">\n\t\t\t<div class=\"elementor-spacer-inner\"><\/div>\n\t\t<\/div>\n\t\t\t\t\t\t<\/div>\n\t\t\t\t<\/div>\n\t\t\t\t<div class=\"elementor-element elementor-element-1c7efbe elementor-invisible elementor-widget elementor-widget-text-editor\" data-id=\"1c7efbe\" data-element_type=\"widget\" data-settings=\"{&quot;_animation&quot;:&quot;fadeInRight&quot;,&quot;_animation_delay&quot;:200}\" data-widget_type=\"text-editor.default\">\n\t\t\t\t<div class=\"elementor-widget-container\">\n\t\t\t\t\t\t\t\t\t<p style=\"font-size: 17px; font-style: normal; font-weight: 400; text-align: center;\"><span style=\"color: #152449; font-family: Baskervville, sans-serif; font-style: inherit; font-weight: inherit;\">En effet, une fois\u00a0<\/span><span style=\"color: #152449; font-family: Baskervville, sans-serif; font-style: inherit; font-weight: bold;\">r\u00e9humidifi\u00e9s<\/span><span style=\"color: #152449; font-family: Baskervville, sans-serif; font-style: inherit; font-weight: inherit;\">\u00a0les granul\u00e9s gonflent fortement et prennent ainsi du volume. Un big bag de granul\u00e9s peut ainsi \u00eatre utilis\u00e9 pour pailler une grande surface.<\/span><\/p>\t\t\t\t\t\t\t\t<\/div>\n\t\t\t\t<\/div>\n\t\t\t\t\t<\/div>\n\t\t<\/div>\n\t\t\t\t<div class=\"elementor-column elementor-col-33 elementor-top-column elementor-element elementor-element-d554e6a\" data-id=\"d554e6a\" data-element_type=\"column\">\n\t\t\t<div class=\"elementor-widget-wrap elementor-element-populated\">\n\t\t\t\t\t\t<div class=\"elementor-element elementor-element-1a86968 elementor-invisible elementor-widget elementor-widget-image\" data-id=\"1a86968\" data-element_type=\"widget\" data-settings=\"{&quot;_animation&quot;:&quot;fadeInRight&quot;,&quot;_animation_delay&quot;:200}\" data-widget_type=\"image.default\">\n\t\t\t\t<div class=\"elementor-widget-container\">\n\t\t\t\t\t\t\t\t\t\t\t\t\t\t\t<img decoding=\"async\" width=\"1024\" height=\"768\" src=\"https:\/\/prodlin.fr\/wp-content\/uploads\/2023\/08\/20230830_161050-1-1024x768.jpg\" class=\"attachment-large size-large wp-image-25789\" alt=\"\" srcset=\"https:\/\/prodlin.fr\/wp-content\/uploads\/2023\/08\/20230830_161050-1-1024x768.jpg 1024w, https:\/\/prodlin.fr\/wp-content\/uploads\/2023\/08\/20230830_161050-1-300x225.jpg 300w, https:\/\/prodlin.fr\/wp-content\/uploads\/2023\/08\/20230830_161050-1-768x576.jpg 768w, https:\/\/prodlin.fr\/wp-content\/uploads\/2023\/08\/20230830_161050-1-1536x1152.jpg 1536w, https:\/\/prodlin.fr\/wp-content\/uploads\/2023\/08\/20230830_161050-1-2048x1536.jpg 2048w\" sizes=\"(max-width: 1024px) 100vw, 1024px\" \/>\t\t\t\t\t\t\t\t\t\t\t\t\t\t\t<\/div>\n\t\t\t\t<\/div>\n\t\t\t\t<div class=\"elementor-element elementor-element-5b3eab5 elementor-widget elementor-widget-spacer\" data-id=\"5b3eab5\" data-element_type=\"widget\" data-widget_type=\"spacer.default\">\n\t\t\t\t<div class=\"elementor-widget-container\">\n\t\t\t\t\t\t\t<div class=\"elementor-spacer\">\n\t\t\t<div class=\"elementor-spacer-inner\"><\/div>\n\t\t<\/div>\n\t\t\t\t\t\t<\/div>\n\t\t\t\t<\/div>\n\t\t\t\t\t<\/div>\n\t\t<\/div>\n\t\t\t\t\t<\/div>\n\t\t<\/section>\n\t\t\t\t<section class=\"elementor-section elementor-top-section elementor-element elementor-element-d5b2a17 elementor-section-boxed elementor-section-height-default elementor-section-height-default\" data-id=\"d5b2a17\" data-element_type=\"section\">\n\t\t\t\t\t\t<div class=\"elementor-container elementor-column-gap-default\">\n\t\t\t\t\t<div class=\"elementor-column elementor-col-100 elementor-top-column elementor-element elementor-element-7f97639\" data-id=\"7f97639\" data-element_type=\"column\">\n\t\t\t<div class=\"elementor-widget-wrap elementor-element-populated\">\n\t\t\t\t\t\t<div class=\"elementor-element elementor-element-288bca2 elementor-widget elementor-widget-text-editor\" data-id=\"288bca2\" data-element_type=\"widget\" data-settings=\"{&quot;_animation&quot;:&quot;none&quot;}\" data-widget_type=\"text-editor.default\">\n\t\t\t\t<div class=\"elementor-widget-container\">\n\t\t\t\t\t\t\t\t\t<p style=\"text-align: center;\"><span style=\"color: #152449; font-family: Baskervville, sans-serif; font-size: 17px;\">Les granul\u00e9s sont\u00a0<\/span><span style=\"font-weight: bold; color: #152449; font-family: Baskervville, sans-serif; font-size: 17px;\">enti\u00e8rement naturels<\/span><span style=\"color: #152449; font-family: Baskervville, sans-serif; font-size: 17px;\">\u00a0<\/span><span style=\"font-style: inherit; font-weight: inherit; color: #152449; font-family: Baskervville, sans-serif; font-size: 17px;\">(100 % anas de lin) et permettent ainsi de\u00a0<\/span><span style=\"font-style: inherit; font-weight: bold; color: #152449; font-family: Baskervville, sans-serif; font-size: 17px;\">nourrir le sol une fois d\u00e9compos\u00e9s<\/span><span style=\"font-style: inherit; font-weight: inherit; color: #152449; font-family: Baskervville, sans-serif; font-size: 17px;\">, en plus de nombreux autres avantages du paillage.<\/span><\/p>\t\t\t\t\t\t\t\t<\/div>\n\t\t\t\t<\/div>\n\t\t\t\t\t<\/div>\n\t\t<\/div>\n\t\t\t\t\t<\/div>\n\t\t<\/section>\n\t\t\t\t<section class=\"elementor-section elementor-top-section elementor-element elementor-element-8f11975 elementor-section-boxed elementor-section-height-default elementor-section-height-default\" data-id=\"8f11975\" data-element_type=\"section\">\n\t\t\t\t\t\t<div class=\"elementor-container elementor-column-gap-default\">\n\t\t\t\t\t<div class=\"elementor-column elementor-col-100 elementor-top-column elementor-element elementor-element-3376bdc\" data-id=\"3376bdc\" data-element_type=\"column\">\n\t\t\t<div class=\"elementor-widget-wrap\">\n\t\t\t\t\t\t\t<\/div>\n\t\t<\/div>\n\t\t\t\t\t<\/div>\n\t\t<\/section>\n\t\t\t\t<section class=\"elementor-section elementor-top-section elementor-element elementor-element-511268a elementor-section-boxed elementor-section-height-default elementor-section-height-default\" data-id=\"511268a\" data-element_type=\"section\">\n\t\t\t\t\t\t<div class=\"elementor-container elementor-column-gap-default\">\n\t\t\t\t\t<div class=\"elementor-column elementor-col-100 elementor-top-column elementor-element elementor-element-f4dc1e0\" data-id=\"f4dc1e0\" data-element_type=\"column\">\n\t\t\t<div class=\"elementor-widget-wrap elementor-element-populated\">\n\t\t\t\t\t\t<div class=\"elementor-element elementor-element-8b75598 elementor-widget elementor-widget-spacer\" data-id=\"8b75598\" data-element_type=\"widget\" data-widget_type=\"spacer.default\">\n\t\t\t\t<div class=\"elementor-widget-container\">\n\t\t\t\t\t\t\t<div class=\"elementor-spacer\">\n\t\t\t<div class=\"elementor-spacer-inner\"><\/div>\n\t\t<\/div>\n\t\t\t\t\t\t<\/div>\n\t\t\t\t<\/div>\n\t\t\t\t<div class=\"elementor-element elementor-element-12c48b9 elementor-widget elementor-widget-text-editor\" data-id=\"12c48b9\" data-element_type=\"widget\" data-widget_type=\"text-editor.default\">\n\t\t\t\t<div class=\"elementor-widget-container\">\n\t\t\t\t\t\t\t\t\t<p><a href=\"https:\/\/prodlin.fr\/#contact\"><span style=\"color: #152449; font-family: Baskervville, sans-serif; text-align: center;\">Contactez-nous pour plus d\u2019information<\/span><\/a><\/p>\t\t\t\t\t\t\t\t<\/div>\n\t\t\t\t<\/div>\n\t\t\t\t\t<\/div>\n\t\t<\/div>\n\t\t\t\t\t<\/div>\n\t\t<\/section>\n\t\t\t\t<\/div>\n\t\t","protected":false},"excerpt":{"rendered":"<p>Agriculture \/ Environnement Les granul\u00e9s de lin ont eu un grand succ\u00e8s pour le paillage de culture. En effet, une fois\u00a0r\u00e9humidifi\u00e9s\u00a0les granul\u00e9s gonflent fortement et prennent ainsi du volume. Un big bag de granul\u00e9s peut ainsi \u00eatre utilis\u00e9 pour pailler une grande surface. Les granul\u00e9s sont\u00a0enti\u00e8rement naturels\u00a0(100 % anas de lin) et permettent ainsi de\u00a0nourrir &hellip;<\/p>\n<p class=\"read-more\"> <a class=\"\" href=\"https:\/\/prodlin.fr\/index.php\/agriculture-environnement\/\"> <span class=\"screen-reader-text\">Agriculture \/ Environnement<\/span> Read More &raquo;<\/a><\/p>\n","protected":false},"author":1,"featured_media":0,"parent":0,"menu_order":0,"comment_status":"closed","ping_status":"closed","template":"","meta":{"site-sidebar-layout":"no-sidebar","site-content-layout":"page-builder","ast-site-content-layout":"","site-content-style":"default","site-sidebar-style":"default","ast-global-header-display":"","ast-banner-title-visibility":"","ast-main-header-display":"","ast-hfb-above-header-display":"","ast-hfb-below-header-display":"","ast-hfb-mobile-header-display":"","site-post-title":"disabled","ast-breadcrumbs-content":"","ast-featured-img":"disabled","footer-sml-layout":"","theme-transparent-header-meta":"","adv-header-id-meta":"","stick-header-meta":"","header-above-stick-meta":"","header-main-stick-meta":"","header-below-stick-meta":"","astra-migrate-meta-layouts":"","footnotes":""},"class_list":["post-1824","page","type-page","status-publish","hentry"],"yoast_head":"<!-- This site is optimized with the Yoast SEO plugin v25.0 - https:\/\/yoast.com\/wordpress\/plugins\/seo\/ -->\n<title>Prodlin - Granul\u00e9s de lin pour le paillage de culture et autre<\/title>\n<meta name=\"description\" content=\"Granul\u00e9s enti\u00e8rement naturels (100% anas de lin) qui gonflent fortement pour prendre du volume. Ils nourrissent le sol une fois d\u00e9compos\u00e9s.\" \/>\n<meta name=\"robots\" content=\"index, follow, max-snippet:-1, max-image-preview:large, max-video-preview:-1\" \/>\n<link rel=\"canonical\" href=\"https:\/\/prodlin.fr\/index.php\/agriculture-environnement\/\" \/>\n<meta property=\"og:locale\" content=\"en_US\" \/>\n<meta property=\"og:type\" content=\"article\" \/>\n<meta property=\"og:title\" content=\"Prodlin - Granul\u00e9s de lin pour le paillage de culture et autre\" \/>\n<meta property=\"og:description\" content=\"Granul\u00e9s enti\u00e8rement naturels (100% anas de lin) qui gonflent fortement pour prendre du volume. Ils nourrissent le sol une fois d\u00e9compos\u00e9s.\" \/>\n<meta property=\"og:url\" content=\"https:\/\/prodlin.fr\/index.php\/agriculture-environnement\/\" \/>\n<meta property=\"og:site_name\" content=\"Prodlin\" \/>\n<meta property=\"article:modified_time\" content=\"2023-08-31T14:30:28+00:00\" \/>\n<meta property=\"og:image\" content=\"http:\/\/prodlin.fr\/wp-content\/uploads\/2023\/08\/20230830_135721-1024x768.jpg\" \/>\n<meta name=\"twitter:card\" content=\"summary_large_image\" \/>\n<meta name=\"twitter:label1\" content=\"Est. reading time\" \/>\n\t<meta name=\"twitter:data1\" content=\"1 minute\" \/>\n<script type=\"application\/ld+json\" class=\"yoast-schema-graph\">{\"@context\":\"https:\/\/schema.org\",\"@graph\":[{\"@type\":\"WebPage\",\"@id\":\"https:\/\/prodlin.fr\/index.php\/agriculture-environnement\/\",\"url\":\"https:\/\/prodlin.fr\/index.php\/agriculture-environnement\/\",\"name\":\"Prodlin - Granul\u00e9s de lin pour le paillage de culture et autre\",\"isPartOf\":{\"@id\":\"https:\/\/prodlin.fr\/#website\"},\"primaryImageOfPage\":{\"@id\":\"https:\/\/prodlin.fr\/index.php\/agriculture-environnement\/#primaryimage\"},\"image\":{\"@id\":\"https:\/\/prodlin.fr\/index.php\/agriculture-environnement\/#primaryimage\"},\"thumbnailUrl\":\"http:\/\/prodlin.fr\/wp-content\/uploads\/2023\/08\/20230830_135721-1024x768.jpg\",\"datePublished\":\"2023-08-02T09:08:02+00:00\",\"dateModified\":\"2023-08-31T14:30:28+00:00\",\"description\":\"Granul\u00e9s enti\u00e8rement naturels (100% anas de lin) qui gonflent fortement pour prendre du volume. Ils nourrissent le sol une fois d\u00e9compos\u00e9s.\",\"breadcrumb\":{\"@id\":\"https:\/\/prodlin.fr\/index.php\/agriculture-environnement\/#breadcrumb\"},\"inLanguage\":\"en-US\",\"potentialAction\":[{\"@type\":\"ReadAction\",\"target\":[\"https:\/\/prodlin.fr\/index.php\/agriculture-environnement\/\"]}]},{\"@type\":\"ImageObject\",\"inLanguage\":\"en-US\",\"@id\":\"https:\/\/prodlin.fr\/index.php\/agriculture-environnement\/#primaryimage\",\"url\":\"https:\/\/prodlin.fr\/wp-content\/uploads\/2023\/08\/20230830_135721-scaled.jpg\",\"contentUrl\":\"https:\/\/prodlin.fr\/wp-content\/uploads\/2023\/08\/20230830_135721-scaled.jpg\",\"width\":2560,\"height\":1920},{\"@type\":\"BreadcrumbList\",\"@id\":\"https:\/\/prodlin.fr\/index.php\/agriculture-environnement\/#breadcrumb\",\"itemListElement\":[{\"@type\":\"ListItem\",\"position\":1,\"name\":\"Accueil\",\"item\":\"https:\/\/prodlin.fr\/\"},{\"@type\":\"ListItem\",\"position\":2,\"name\":\"Agriculture \/ Environnement\"}]},{\"@type\":\"WebSite\",\"@id\":\"https:\/\/prodlin.fr\/#website\",\"url\":\"https:\/\/prodlin.fr\/\",\"name\":\"Prodlin\",\"description\":\"Faire de la culture traditionnelle du lin un levier de croissance au service de l&#039;environnement\",\"publisher\":{\"@id\":\"https:\/\/prodlin.fr\/#organization\"},\"potentialAction\":[{\"@type\":\"SearchAction\",\"target\":{\"@type\":\"EntryPoint\",\"urlTemplate\":\"https:\/\/prodlin.fr\/?s={search_term_string}\"},\"query-input\":{\"@type\":\"PropertyValueSpecification\",\"valueRequired\":true,\"valueName\":\"search_term_string\"}}],\"inLanguage\":\"en-US\"},{\"@type\":\"Organization\",\"@id\":\"https:\/\/prodlin.fr\/#organization\",\"name\":\"Prodlin\",\"url\":\"https:\/\/prodlin.fr\/\",\"logo\":{\"@type\":\"ImageObject\",\"inLanguage\":\"en-US\",\"@id\":\"https:\/\/prodlin.fr\/#\/schema\/logo\/image\/\",\"url\":\"https:\/\/prodlin.fr\/wp-content\/uploads\/2023\/08\/cropped-PRODLIN_CHARTE_GRAPHIQUE_ELEMENTS-02.png\",\"contentUrl\":\"https:\/\/prodlin.fr\/wp-content\/uploads\/2023\/08\/cropped-PRODLIN_CHARTE_GRAPHIQUE_ELEMENTS-02.png\",\"width\":837,\"height\":659,\"caption\":\"Prodlin\"},\"image\":{\"@id\":\"https:\/\/prodlin.fr\/#\/schema\/logo\/image\/\"}}]}<\/script>\n<!-- \/ Yoast SEO plugin. -->","yoast_head_json":{"title":"Prodlin - Granul\u00e9s de lin pour le paillage de culture et autre","description":"Granul\u00e9s enti\u00e8rement naturels (100% anas de lin) qui gonflent fortement pour prendre du volume. Ils nourrissent le sol une fois d\u00e9compos\u00e9s.","robots":{"index":"index","follow":"follow","max-snippet":"max-snippet:-1","max-image-preview":"max-image-preview:large","max-video-preview":"max-video-preview:-1"},"canonical":"https:\/\/prodlin.fr\/index.php\/agriculture-environnement\/","og_locale":"en_US","og_type":"article","og_title":"Prodlin - Granul\u00e9s de lin pour le paillage de culture et autre","og_description":"Granul\u00e9s enti\u00e8rement naturels (100% anas de lin) qui gonflent fortement pour prendre du volume. Ils nourrissent le sol une fois d\u00e9compos\u00e9s.","og_url":"https:\/\/prodlin.fr\/index.php\/agriculture-environnement\/","og_site_name":"Prodlin","article_modified_time":"2023-08-31T14:30:28+00:00","og_image":[{"url":"http:\/\/prodlin.fr\/wp-content\/uploads\/2023\/08\/20230830_135721-1024x768.jpg","type":"","width":"","height":""}],"twitter_card":"summary_large_image","twitter_misc":{"Est. reading time":"1 minute"},"schema":{"@context":"https:\/\/schema.org","@graph":[{"@type":"WebPage","@id":"https:\/\/prodlin.fr\/index.php\/agriculture-environnement\/","url":"https:\/\/prodlin.fr\/index.php\/agriculture-environnement\/","name":"Prodlin - Granul\u00e9s de lin pour le paillage de culture et autre","isPartOf":{"@id":"https:\/\/prodlin.fr\/#website"},"primaryImageOfPage":{"@id":"https:\/\/prodlin.fr\/index.php\/agriculture-environnement\/#primaryimage"},"image":{"@id":"https:\/\/prodlin.fr\/index.php\/agriculture-environnement\/#primaryimage"},"thumbnailUrl":"http:\/\/prodlin.fr\/wp-content\/uploads\/2023\/08\/20230830_135721-1024x768.jpg","datePublished":"2023-08-02T09:08:02+00:00","dateModified":"2023-08-31T14:30:28+00:00","description":"Granul\u00e9s enti\u00e8rement naturels (100% anas de lin) qui gonflent fortement pour prendre du volume. Ils nourrissent le sol une fois d\u00e9compos\u00e9s.","breadcrumb":{"@id":"https:\/\/prodlin.fr\/index.php\/agriculture-environnement\/#breadcrumb"},"inLanguage":"en-US","potentialAction":[{"@type":"ReadAction","target":["https:\/\/prodlin.fr\/index.php\/agriculture-environnement\/"]}]},{"@type":"ImageObject","inLanguage":"en-US","@id":"https:\/\/prodlin.fr\/index.php\/agriculture-environnement\/#primaryimage","url":"https:\/\/prodlin.fr\/wp-content\/uploads\/2023\/08\/20230830_135721-scaled.jpg","contentUrl":"https:\/\/prodlin.fr\/wp-content\/uploads\/2023\/08\/20230830_135721-scaled.jpg","width":2560,"height":1920},{"@type":"BreadcrumbList","@id":"https:\/\/prodlin.fr\/index.php\/agriculture-environnement\/#breadcrumb","itemListElement":[{"@type":"ListItem","position":1,"name":"Accueil","item":"https:\/\/prodlin.fr\/"},{"@type":"ListItem","position":2,"name":"Agriculture \/ Environnement"}]},{"@type":"WebSite","@id":"https:\/\/prodlin.fr\/#website","url":"https:\/\/prodlin.fr\/","name":"Prodlin","description":"Faire de la culture traditionnelle du lin un levier de croissance au service de l&#039;environnement","publisher":{"@id":"https:\/\/prodlin.fr\/#organization"},"potentialAction":[{"@type":"SearchAction","target":{"@type":"EntryPoint","urlTemplate":"https:\/\/prodlin.fr\/?s={search_term_string}"},"query-input":{"@type":"PropertyValueSpecification","valueRequired":true,"valueName":"search_term_string"}}],"inLanguage":"en-US"},{"@type":"Organization","@id":"https:\/\/prodlin.fr\/#organization","name":"Prodlin","url":"https:\/\/prodlin.fr\/","logo":{"@type":"ImageObject","inLanguage":"en-US","@id":"https:\/\/prodlin.fr\/#\/schema\/logo\/image\/","url":"https:\/\/prodlin.fr\/wp-content\/uploads\/2023\/08\/cropped-PRODLIN_CHARTE_GRAPHIQUE_ELEMENTS-02.png","contentUrl":"https:\/\/prodlin.fr\/wp-content\/uploads\/2023\/08\/cropped-PRODLIN_CHARTE_GRAPHIQUE_ELEMENTS-02.png","width":837,"height":659,"caption":"Prodlin"},"image":{"@id":"https:\/\/prodlin.fr\/#\/schema\/logo\/image\/"}}]}},"_links":{"self":[{"href":"https:\/\/prodlin.fr\/index.php\/wp-json\/wp\/v2\/pages\/1824"}],"collection":[{"href":"https:\/\/prodlin.fr\/index.php\/wp-json\/wp\/v2\/pages"}],"about":[{"href":"https:\/\/prodlin.fr\/index.php\/wp-json\/wp\/v2\/types\/page"}],"author":[{"embeddable":true,"href":"https:\/\/prodlin.fr\/index.php\/wp-json\/wp\/v2\/users\/1"}],"replies":[{"embeddable":true,"href":"https:\/\/prodlin.fr\/index.php\/wp-json\/wp\/v2\/comments?post=1824"}],"version-history":[{"count":70,"href":"https:\/\/prodlin.fr\/index.php\/wp-json\/wp\/v2\/pages\/1824\/revisions"}],"predecessor-version":[{"id":25817,"href":"https:\/\/prodlin.fr\/index.php\/wp-json\/wp\/v2\/pages\/1824\/revisions\/25817"}],"wp:attachment":[{"href":"https:\/\/prodlin.fr\/index.php\/wp-json\/wp\/v2\/media?parent=1824"}],"curies":[{"name":"wp","href":"https:\/\/api.w.org\/{rel}","templated":true}]}}