{"id":1846,"date":"2023-08-02T14:12:43","date_gmt":"2023-08-02T12:12:43","guid":{"rendered":"https:\/\/prodlin.fr\/?page_id=1846"},"modified":"2023-08-11T11:45:22","modified_gmt":"2023-08-11T09:45:22","slug":"alimentation-animale","status":"publish","type":"page","link":"https:\/\/prodlin.fr\/index.php\/alimentation-animale\/","title":{"rendered":"Alimentation animale"},"content":{"rendered":"\t\t<div data-elementor-type=\"wp-page\" data-elementor-id=\"1846\" class=\"elementor elementor-1846\">\n\t\t\t\t\t\t<section class=\"elementor-section elementor-top-section elementor-element elementor-element-de0b245 elementor-section-boxed elementor-section-height-default elementor-section-height-default\" data-id=\"de0b245\" data-element_type=\"section\" data-e-type=\"section\">\n\t\t\t\t\t\t<div class=\"elementor-container elementor-column-gap-default\">\n\t\t\t\t\t<div class=\"elementor-column elementor-col-100 elementor-top-column elementor-element elementor-element-a3731dd\" data-id=\"a3731dd\" data-element_type=\"column\" data-e-type=\"column\">\n\t\t\t<div class=\"elementor-widget-wrap elementor-element-populated\">\n\t\t\t\t\t\t<div class=\"elementor-element elementor-element-50bde57 elementor-widget elementor-widget-heading\" data-id=\"50bde57\" data-element_type=\"widget\" data-e-type=\"widget\" data-widget_type=\"heading.default\">\n\t\t\t\t<div class=\"elementor-widget-container\">\n\t\t\t\t\t<h2 class=\"elementor-heading-title elementor-size-default\">Alimentation Animale<\/h2>\t\t\t\t<\/div>\n\t\t\t\t<\/div>\n\t\t\t\t\t<\/div>\n\t\t<\/div>\n\t\t\t\t\t<\/div>\n\t\t<\/section>\n\t\t\t\t<section class=\"elementor-section elementor-top-section elementor-element elementor-element-1992623 elementor-section-boxed elementor-section-height-default elementor-section-height-default\" data-id=\"1992623\" data-element_type=\"section\" data-e-type=\"section\">\n\t\t\t\t\t\t<div class=\"elementor-container elementor-column-gap-default\">\n\t\t\t\t\t<div class=\"elementor-column elementor-col-50 elementor-top-column elementor-element elementor-element-5f3932a\" data-id=\"5f3932a\" data-element_type=\"column\" data-e-type=\"column\">\n\t\t\t<div class=\"elementor-widget-wrap elementor-element-populated\">\n\t\t\t\t\t\t<div class=\"elementor-element elementor-element-e54481e elementor-widget elementor-widget-text-editor\" data-id=\"e54481e\" data-element_type=\"widget\" data-e-type=\"widget\" data-widget_type=\"text-editor.default\">\n\t\t\t\t<div class=\"elementor-widget-container\">\n\t\t\t\t\t\t\t\t\t<p style=\"font-size: 16px; font-style: normal; font-weight: 400; color: #152449; font-family: Baskervville, sans-serif; text-align: center;\">R\u00e9cemment, PRODLIN a diversifi\u00e9 son offre en proposant des granul\u00e9s\u00a0<span style=\"font-weight: bold;\">100 % foin de prairie naturelle<\/span>.<\/p><p style=\"font-size: 16px; font-style: normal; font-weight: 400; color: #152449; font-family: Baskervville, sans-serif; text-align: center;\">\u00a0<\/p><p style=\"font-size: 16px; font-style: normal; font-weight: 400; color: #152449; font-family: Baskervville, sans-serif;\">Ces granul\u00e9s permettent de\u00a0<span style=\"font-weight: bold;\">varier la source de prot\u00e9ines<\/span>\u00a0dans la ration des chevaux, rongeurs ou autres animaux. Ils sont aussi\u00a0<span style=\"font-weight: bold;\">riches en fibres<\/span>.<\/p><p style=\"font-size: 16px; font-style: normal; font-weight: 400; color: #152449; font-family: Baskervville, sans-serif;\">Les granul\u00e9s sont\u00a0<span style=\"font-weight: bold;\">d\u00e9poussi\u00e9r\u00e9s<\/span>\u00a0pour le confort des animaux aux syst\u00e8mes respiratoires sensibles.<\/p><p style=\"font-size: 16px; font-style: normal; font-weight: 400; color: #152449; font-family: Baskervville, sans-serif;\">Leur concentration en fibre aide \u00e0 assurer une\u00a0<span style=\"font-weight: bold;\">bonne usure des dents<\/span>\u00a0et un\u00a0<span style=\"font-weight: bold;\">fonctionnement normal du syst\u00e8me digestif<\/span>.<\/p><p style=\"font-size: 16px; font-style: normal; font-weight: 400; color: #152449; font-family: Baskervville, sans-serif;\">Vous pouvez hydrater au pr\u00e9alable les granul\u00e9s pour faciliter la mastication des chevaux les plus \u00e2g\u00e9s.<\/p>\t\t\t\t\t\t\t\t<\/div>\n\t\t\t\t<\/div>\n\t\t\t\t\t<\/div>\n\t\t<\/div>\n\t\t\t\t<div class=\"elementor-column elementor-col-50 elementor-top-column elementor-element elementor-element-e0e7a7d\" data-id=\"e0e7a7d\" data-element_type=\"column\" data-e-type=\"column\">\n\t\t\t<div class=\"elementor-widget-wrap elementor-element-populated\">\n\t\t\t\t\t\t<div class=\"elementor-element elementor-element-9cc839e elementor-widget elementor-widget-image\" data-id=\"9cc839e\" data-element_type=\"widget\" data-e-type=\"widget\" data-widget_type=\"image.default\">\n\t\t\t\t<div class=\"elementor-widget-container\">\n\t\t\t\t\t\t\t\t\t\t\t\t\t\t\t<img fetchpriority=\"high\" decoding=\"async\" width=\"768\" height=\"635\" src=\"https:\/\/prodlin.fr\/wp-content\/uploads\/2023\/08\/IMG_20230810_143943-1-e1691682562874-768x635.jpg\" class=\"attachment-medium_large size-medium_large wp-image-25553\" alt=\"\" srcset=\"https:\/\/prodlin.fr\/wp-content\/uploads\/2023\/08\/IMG_20230810_143943-1-e1691682562874-768x635.jpg 768w, https:\/\/prodlin.fr\/wp-content\/uploads\/2023\/08\/IMG_20230810_143943-1-e1691682562874-300x248.jpg 300w, https:\/\/prodlin.fr\/wp-content\/uploads\/2023\/08\/IMG_20230810_143943-1-e1691682562874.jpg 868w\" sizes=\"(max-width: 768px) 100vw, 768px\" \/>\t\t\t\t\t\t\t\t\t\t\t\t\t\t\t<\/div>\n\t\t\t\t<\/div>\n\t\t\t\t\t<\/div>\n\t\t<\/div>\n\t\t\t\t\t<\/div>\n\t\t<\/section>\n\t\t\t\t<section class=\"elementor-section elementor-top-section elementor-element elementor-element-e079b99 elementor-section-boxed elementor-section-height-default elementor-section-height-default\" data-id=\"e079b99\" data-element_type=\"section\" data-e-type=\"section\">\n\t\t\t\t\t\t<div class=\"elementor-container elementor-column-gap-default\">\n\t\t\t\t\t<div class=\"elementor-column elementor-col-100 elementor-top-column elementor-element elementor-element-281d298\" data-id=\"281d298\" data-element_type=\"column\" data-e-type=\"column\">\n\t\t\t<div class=\"elementor-widget-wrap elementor-element-populated\">\n\t\t\t\t\t\t<div class=\"elementor-element elementor-element-539298d elementor-widget elementor-widget-spacer\" data-id=\"539298d\" data-element_type=\"widget\" data-e-type=\"widget\" data-widget_type=\"spacer.default\">\n\t\t\t\t<div class=\"elementor-widget-container\">\n\t\t\t\t\t\t\t<div class=\"elementor-spacer\">\n\t\t\t<div class=\"elementor-spacer-inner\"><\/div>\n\t\t<\/div>\n\t\t\t\t\t\t<\/div>\n\t\t\t\t<\/div>\n\t\t\t\t<div class=\"elementor-element elementor-element-7ddc657 elementor-widget elementor-widget-text-editor\" data-id=\"7ddc657\" data-element_type=\"widget\" data-e-type=\"widget\" data-widget_type=\"text-editor.default\">\n\t\t\t\t<div class=\"elementor-widget-container\">\n\t\t\t\t\t\t\t\t\t<p style=\"text-align: center;\"><a style=\"background-color: #f3f9fb; font-family: Baskervville, sans-serif; text-align: center;\" href=\"https:\/\/prodlin.fr\/#contact\">Contactez-nous pour plus d\u2019information<\/a><\/p>\t\t\t\t\t\t\t\t<\/div>\n\t\t\t\t<\/div>\n\t\t\t\t\t<\/div>\n\t\t<\/div>\n\t\t\t\t\t<\/div>\n\t\t<\/section>\n\t\t\t\t<\/div>\n\t\t","protected":false},"excerpt":{"rendered":"<p>Alimentation Animale R\u00e9cemment, PRODLIN a diversifi\u00e9 son offre en proposant des granul\u00e9s\u00a0100 % foin de prairie naturelle. \u00a0 Ces granul\u00e9s permettent de\u00a0varier la source de prot\u00e9ines\u00a0dans la ration des chevaux, rongeurs ou autres animaux. Ils sont aussi\u00a0riches en fibres. Les granul\u00e9s sont\u00a0d\u00e9poussi\u00e9r\u00e9s\u00a0pour le confort des animaux aux syst\u00e8mes respiratoires sensibles. Leur concentration en fibre aide &hellip;<\/p>\n<p class=\"read-more\"> <a class=\"\" href=\"https:\/\/prodlin.fr\/index.php\/alimentation-animale\/\"> <span class=\"screen-reader-text\">Alimentation animale<\/span> Read More &raquo;<\/a><\/p>\n","protected":false},"author":1,"featured_media":0,"parent":0,"menu_order":0,"comment_status":"closed","ping_status":"closed","template":"","meta":{"site-sidebar-layout":"no-sidebar","site-content-layout":"page-builder","ast-site-content-layout":"","site-content-style":"default","site-sidebar-style":"default","ast-global-header-display":"","ast-banner-title-visibility":"","ast-main-header-display":"","ast-hfb-above-header-display":"","ast-hfb-below-header-display":"","ast-hfb-mobile-header-display":"","site-post-title":"disabled","ast-breadcrumbs-content":"","ast-featured-img":"disabled","footer-sml-layout":"","theme-transparent-header-meta":"","adv-header-id-meta":"","stick-header-meta":"","header-above-stick-meta":"","header-main-stick-meta":"","header-below-stick-meta":"","astra-migrate-meta-layouts":"","footnotes":""},"class_list":["post-1846","page","type-page","status-publish","hentry"],"yoast_head":"<!-- This site is optimized with the Yoast SEO plugin v25.0 - https:\/\/yoast.com\/wordpress\/plugins\/seo\/ -->\n<title>Alimentation animale | Prodlin<\/title>\n<meta name=\"description\" content=\"Granul\u00e9s 100% foin de prairie naturelle, riches en fibres permettant de varier la source de prot\u00e9ines dans la ration des animaux.\" \/>\n<meta name=\"robots\" content=\"index, follow, max-snippet:-1, max-image-preview:large, max-video-preview:-1\" \/>\n<link rel=\"canonical\" href=\"https:\/\/prodlin.fr\/index.php\/alimentation-animale\/\" \/>\n<meta property=\"og:locale\" content=\"en_US\" \/>\n<meta property=\"og:type\" content=\"article\" \/>\n<meta property=\"og:title\" content=\"Alimentation animale | Prodlin\" \/>\n<meta property=\"og:description\" content=\"Granul\u00e9s 100% foin de prairie naturelle, riches en fibres permettant de varier la source de prot\u00e9ines dans la ration des animaux.\" \/>\n<meta property=\"og:url\" content=\"https:\/\/prodlin.fr\/index.php\/alimentation-animale\/\" \/>\n<meta property=\"og:site_name\" content=\"Prodlin\" \/>\n<meta property=\"article:modified_time\" content=\"2023-08-11T09:45:22+00:00\" \/>\n<meta property=\"og:image\" content=\"http:\/\/prodlin.fr\/wp-content\/uploads\/2023\/08\/IMG_20230810_143943-1-e1691682562874-768x635.jpg\" \/>\n<meta name=\"twitter:card\" content=\"summary_large_image\" \/>\n<meta name=\"twitter:label1\" content=\"Est. reading time\" \/>\n\t<meta name=\"twitter:data1\" content=\"1 minute\" \/>\n<script type=\"application\/ld+json\" class=\"yoast-schema-graph\">{\"@context\":\"https:\/\/schema.org\",\"@graph\":[{\"@type\":\"WebPage\",\"@id\":\"https:\/\/prodlin.fr\/index.php\/alimentation-animale\/\",\"url\":\"https:\/\/prodlin.fr\/index.php\/alimentation-animale\/\",\"name\":\"Alimentation animale | Prodlin\",\"isPartOf\":{\"@id\":\"https:\/\/prodlin.fr\/#website\"},\"primaryImageOfPage\":{\"@id\":\"https:\/\/prodlin.fr\/index.php\/alimentation-animale\/#primaryimage\"},\"image\":{\"@id\":\"https:\/\/prodlin.fr\/index.php\/alimentation-animale\/#primaryimage\"},\"thumbnailUrl\":\"http:\/\/prodlin.fr\/wp-content\/uploads\/2023\/08\/IMG_20230810_143943-1-e1691682562874-768x635.jpg\",\"datePublished\":\"2023-08-02T12:12:43+00:00\",\"dateModified\":\"2023-08-11T09:45:22+00:00\",\"description\":\"Granul\u00e9s 100% foin de prairie naturelle, riches en fibres permettant de varier la source de prot\u00e9ines dans la ration des animaux.\",\"breadcrumb\":{\"@id\":\"https:\/\/prodlin.fr\/index.php\/alimentation-animale\/#breadcrumb\"},\"inLanguage\":\"en-US\",\"potentialAction\":[{\"@type\":\"ReadAction\",\"target\":[\"https:\/\/prodlin.fr\/index.php\/alimentation-animale\/\"]}]},{\"@type\":\"ImageObject\",\"inLanguage\":\"en-US\",\"@id\":\"https:\/\/prodlin.fr\/index.php\/alimentation-animale\/#primaryimage\",\"url\":\"https:\/\/prodlin.fr\/wp-content\/uploads\/2023\/08\/IMG_20230810_143943-1-e1691682562874.jpg\",\"contentUrl\":\"https:\/\/prodlin.fr\/wp-content\/uploads\/2023\/08\/IMG_20230810_143943-1-e1691682562874.jpg\",\"width\":868,\"height\":718},{\"@type\":\"BreadcrumbList\",\"@id\":\"https:\/\/prodlin.fr\/index.php\/alimentation-animale\/#breadcrumb\",\"itemListElement\":[{\"@type\":\"ListItem\",\"position\":1,\"name\":\"Accueil\",\"item\":\"https:\/\/prodlin.fr\/\"},{\"@type\":\"ListItem\",\"position\":2,\"name\":\"Alimentation animale\"}]},{\"@type\":\"WebSite\",\"@id\":\"https:\/\/prodlin.fr\/#website\",\"url\":\"https:\/\/prodlin.fr\/\",\"name\":\"Prodlin\",\"description\":\"Faire de la culture traditionnelle du lin un levier de croissance au service de l&#039;environnement\",\"publisher\":{\"@id\":\"https:\/\/prodlin.fr\/#organization\"},\"potentialAction\":[{\"@type\":\"SearchAction\",\"target\":{\"@type\":\"EntryPoint\",\"urlTemplate\":\"https:\/\/prodlin.fr\/?s={search_term_string}\"},\"query-input\":{\"@type\":\"PropertyValueSpecification\",\"valueRequired\":true,\"valueName\":\"search_term_string\"}}],\"inLanguage\":\"en-US\"},{\"@type\":\"Organization\",\"@id\":\"https:\/\/prodlin.fr\/#organization\",\"name\":\"Prodlin\",\"url\":\"https:\/\/prodlin.fr\/\",\"logo\":{\"@type\":\"ImageObject\",\"inLanguage\":\"en-US\",\"@id\":\"https:\/\/prodlin.fr\/#\/schema\/logo\/image\/\",\"url\":\"https:\/\/prodlin.fr\/wp-content\/uploads\/2023\/08\/cropped-PRODLIN_CHARTE_GRAPHIQUE_ELEMENTS-02.png\",\"contentUrl\":\"https:\/\/prodlin.fr\/wp-content\/uploads\/2023\/08\/cropped-PRODLIN_CHARTE_GRAPHIQUE_ELEMENTS-02.png\",\"width\":837,\"height\":659,\"caption\":\"Prodlin\"},\"image\":{\"@id\":\"https:\/\/prodlin.fr\/#\/schema\/logo\/image\/\"}}]}<\/script>\n<!-- \/ Yoast SEO plugin. -->","yoast_head_json":{"title":"Alimentation animale | Prodlin","description":"Granul\u00e9s 100% foin de prairie naturelle, riches en fibres permettant de varier la source de prot\u00e9ines dans la ration des animaux.","robots":{"index":"index","follow":"follow","max-snippet":"max-snippet:-1","max-image-preview":"max-image-preview:large","max-video-preview":"max-video-preview:-1"},"canonical":"https:\/\/prodlin.fr\/index.php\/alimentation-animale\/","og_locale":"en_US","og_type":"article","og_title":"Alimentation animale | Prodlin","og_description":"Granul\u00e9s 100% foin de prairie naturelle, riches en fibres permettant de varier la source de prot\u00e9ines dans la ration des animaux.","og_url":"https:\/\/prodlin.fr\/index.php\/alimentation-animale\/","og_site_name":"Prodlin","article_modified_time":"2023-08-11T09:45:22+00:00","og_image":[{"url":"http:\/\/prodlin.fr\/wp-content\/uploads\/2023\/08\/IMG_20230810_143943-1-e1691682562874-768x635.jpg","type":"","width":"","height":""}],"twitter_card":"summary_large_image","twitter_misc":{"Est. reading time":"1 minute"},"schema":{"@context":"https:\/\/schema.org","@graph":[{"@type":"WebPage","@id":"https:\/\/prodlin.fr\/index.php\/alimentation-animale\/","url":"https:\/\/prodlin.fr\/index.php\/alimentation-animale\/","name":"Alimentation animale | Prodlin","isPartOf":{"@id":"https:\/\/prodlin.fr\/#website"},"primaryImageOfPage":{"@id":"https:\/\/prodlin.fr\/index.php\/alimentation-animale\/#primaryimage"},"image":{"@id":"https:\/\/prodlin.fr\/index.php\/alimentation-animale\/#primaryimage"},"thumbnailUrl":"http:\/\/prodlin.fr\/wp-content\/uploads\/2023\/08\/IMG_20230810_143943-1-e1691682562874-768x635.jpg","datePublished":"2023-08-02T12:12:43+00:00","dateModified":"2023-08-11T09:45:22+00:00","description":"Granul\u00e9s 100% foin de prairie naturelle, riches en fibres permettant de varier la source de prot\u00e9ines dans la ration des animaux.","breadcrumb":{"@id":"https:\/\/prodlin.fr\/index.php\/alimentation-animale\/#breadcrumb"},"inLanguage":"en-US","potentialAction":[{"@type":"ReadAction","target":["https:\/\/prodlin.fr\/index.php\/alimentation-animale\/"]}]},{"@type":"ImageObject","inLanguage":"en-US","@id":"https:\/\/prodlin.fr\/index.php\/alimentation-animale\/#primaryimage","url":"https:\/\/prodlin.fr\/wp-content\/uploads\/2023\/08\/IMG_20230810_143943-1-e1691682562874.jpg","contentUrl":"https:\/\/prodlin.fr\/wp-content\/uploads\/2023\/08\/IMG_20230810_143943-1-e1691682562874.jpg","width":868,"height":718},{"@type":"BreadcrumbList","@id":"https:\/\/prodlin.fr\/index.php\/alimentation-animale\/#breadcrumb","itemListElement":[{"@type":"ListItem","position":1,"name":"Accueil","item":"https:\/\/prodlin.fr\/"},{"@type":"ListItem","position":2,"name":"Alimentation animale"}]},{"@type":"WebSite","@id":"https:\/\/prodlin.fr\/#website","url":"https:\/\/prodlin.fr\/","name":"Prodlin","description":"Faire de la culture traditionnelle du lin un levier de croissance au service de l&#039;environnement","publisher":{"@id":"https:\/\/prodlin.fr\/#organization"},"potentialAction":[{"@type":"SearchAction","target":{"@type":"EntryPoint","urlTemplate":"https:\/\/prodlin.fr\/?s={search_term_string}"},"query-input":{"@type":"PropertyValueSpecification","valueRequired":true,"valueName":"search_term_string"}}],"inLanguage":"en-US"},{"@type":"Organization","@id":"https:\/\/prodlin.fr\/#organization","name":"Prodlin","url":"https:\/\/prodlin.fr\/","logo":{"@type":"ImageObject","inLanguage":"en-US","@id":"https:\/\/prodlin.fr\/#\/schema\/logo\/image\/","url":"https:\/\/prodlin.fr\/wp-content\/uploads\/2023\/08\/cropped-PRODLIN_CHARTE_GRAPHIQUE_ELEMENTS-02.png","contentUrl":"https:\/\/prodlin.fr\/wp-content\/uploads\/2023\/08\/cropped-PRODLIN_CHARTE_GRAPHIQUE_ELEMENTS-02.png","width":837,"height":659,"caption":"Prodlin"},"image":{"@id":"https:\/\/prodlin.fr\/#\/schema\/logo\/image\/"}}]}},"_links":{"self":[{"href":"https:\/\/prodlin.fr\/index.php\/wp-json\/wp\/v2\/pages\/1846"}],"collection":[{"href":"https:\/\/prodlin.fr\/index.php\/wp-json\/wp\/v2\/pages"}],"about":[{"href":"https:\/\/prodlin.fr\/index.php\/wp-json\/wp\/v2\/types\/page"}],"author":[{"embeddable":true,"href":"https:\/\/prodlin.fr\/index.php\/wp-json\/wp\/v2\/users\/1"}],"replies":[{"embeddable":true,"href":"https:\/\/prodlin.fr\/index.php\/wp-json\/wp\/v2\/comments?post=1846"}],"version-history":[{"count":33,"href":"https:\/\/prodlin.fr\/index.php\/wp-json\/wp\/v2\/pages\/1846\/revisions"}],"predecessor-version":[{"id":25701,"href":"https:\/\/prodlin.fr\/index.php\/wp-json\/wp\/v2\/pages\/1846\/revisions\/25701"}],"wp:attachment":[{"href":"https:\/\/prodlin.fr\/index.php\/wp-json\/wp\/v2\/media?parent=1846"}],"curies":[{"name":"wp","href":"https:\/\/api.w.org\/{rel}","templated":true}]}}